{"id":118,"date":"2025-06-25T11:14:33","date_gmt":"2025-06-25T11:14:33","guid":{"rendered":"https:\/\/terapiahuta.pl\/blog\/?page_id=118"},"modified":"2025-06-25T11:29:46","modified_gmt":"2025-06-25T11:29:46","slug":"artykuly","status":"publish","type":"page","link":"https:\/\/terapiahuta.pl\/blog\/?page_id=118","title":{"rendered":"Artyku\u0142y"},"content":{"rendered":"<p>Tutaj zostan\u0105 zamieszczone artyku\u0142y bran\u017cowe.<\/p>\n","protected":false},"excerpt":{"rendered":"<p>Tutaj zostan\u0105 zamieszczone artyku\u0142y bran\u017cowe.<\/p>\n","protected":false},"author":1,"featured_media":0,"parent":0,"menu_order":4,"comment_status":"closed","ping_status":"closed","template":"","meta":[],"_links":{"self":[{"href":"https:\/\/terapiahuta.pl\/blog\/index.php?rest_route=\/wp\/v2\/pages\/118"}],"collection":[{"href":"https:\/\/terapiahuta.pl\/blog\/index.php?rest_route=\/wp\/v2\/pages"}],"about":[{"href":"https:\/\/terapiahuta.pl\/blog\/index.php?rest_route=\/wp\/v2\/types\/page"}],"author":[{"embeddable":true,"href":"https:\/\/terapiahuta.pl\/blog\/index.php?rest_route=\/wp\/v2\/users\/1"}],"replies":[{"embeddable":true,"href":"https:\/\/terapiahuta.pl\/blog\/index.php?rest_route=%2Fwp%2Fv2%2Fcomments&post=118"}],"version-history":[{"count":1,"href":"https:\/\/terapiahuta.pl\/blog\/index.php?rest_route=\/wp\/v2\/pages\/118\/revisions"}],"predecessor-version":[{"id":119,"href":"https:\/\/terapiahuta.pl\/blog\/index.php?rest_route=\/wp\/v2\/pages\/118\/revisions\/119"}],"wp:attachment":[{"href":"https:\/\/terapiahuta.pl\/blog\/index.php?rest_route=%2Fwp%2Fv2%2Fmedia&parent=118"}],"curies":[{"name":"wp","href":"https:\/\/api.w.org\/{rel}","templated":true}]}}