{"id":14,"date":"2025-05-18T20:24:19","date_gmt":"2025-05-18T20:24:19","guid":{"rendered":"https:\/\/terapiahuta.pl\/blog\/?page_id=14"},"modified":"2025-05-24T20:11:31","modified_gmt":"2025-05-24T20:11:31","slug":"o-psychoterapii","status":"publish","type":"page","link":"https:\/\/terapiahuta.pl\/blog\/?page_id=14","title":{"rendered":"O psychoterapii"},"content":{"rendered":"\n<p><\/p>\n\n\n\n<p><strong><small>Indywidualna psychoterapia psychodynamiczna<\/small><\/strong><\/p>\n\n\n\n<p><small>Psychoterapia psychodynamiczna to forma leczenia psychologicznego, kt\u00f3ra pomaga zrozumie\u0107 ukryte przyczyny problem\u00f3w emocjonalnych i trudno\u015bci w relacjach. Opiera si\u0119 na za\u0142o\u017ceniu, \u017ce nasze obecne zachowania i emocje mog\u0105 wynika\u0107 r\u00f3wnie\u017c z nieu\u015bwiadomionych do\u015bwiadcze\u0144 z przesz\u0142o\u015bci, zw\u0142aszcza z dzieci\u0144stwa. Celem terapii jest zwi\u0119kszenie samo\u015bwiadomo\u015bci \u2013 zrozumienie swoich uczu\u0107, my\u015bli i mechanizm\u00f3w obronnych. Dzi\u0119ki temu pacjent mo\u017ce lepiej radzi\u0107 sobie z emocjami, poprawi\u0107 relacje z innymi i wprowadza\u0107 trwa\u0142e zmiany w swoim \u017cyciu.<\/small><\/p>\n\n\n\n<p><small>Sesje zazwyczaj odbywaj\u0105 si\u0119 raz w tygodniu. Trwaj\u0105 50 minut.<\/small><\/p>\n\n\n\n<p><small>Terapeuta pomaga odkrywa\u0107 i omawia\u0107 powtarzaj\u0105ce si\u0119 wzorce zachowa\u0144, skojarzenia oraz to, co dzieje si\u0119 w relacji mi\u0119dzy pacjentem a terapeut\u0105 (zjawisko przeniesienia). Psychoterapia psychodynamiczna jest szczeg\u00f3lnie pomocna w leczeniu depresji, l\u0119k\u00f3w, problem\u00f3w z relacjami, nisk\u0105 samoocen\u0105 czy trudno\u015bciami emocjonalnymi o niejasnym \u017ar\u00f3dle.<\/small><\/p>\n\n\n\n<p><small>Jest to forma psychoterapii d\u0142ugoterminowej, jest procesem wymagaj\u0105cy czasu i zaanga\u017cowania, ale mo\u017ce prowadzi\u0107 do g\u0142\u0119bokiej i trwa\u0142ej zmiany.<\/small><\/p>\n\n\n\n<p><small><strong>Terapia pary<\/strong><\/small><\/p>\n\n\n\n<p><small>Terapia pary to forma pomocy psychologicznej dla os\u00f3b b\u0119d\u0105cych w zwi\u0105zku (ma\u0142\u017ce\u0144skim lub partnerskim), kt\u00f3re do\u015bwiadczaj\u0105 trudno\u015bci w relacji. Celem terapii jest poprawa komunikacji, lepsze zrozumienie siebie nawzajem oraz skuteczniejsze, wsp\u00f3lne rozwi\u0105zywanie konflikt\u00f3w. Podczas spotka\u0144 oboje partnerzy uczestnicz\u0105 w rozmowie z terapeut\u0105, kt\u00f3ry pomaga im zidentyfikowa\u0107 \u017ar\u00f3d\u0142a problem\u00f3w i znale\u017a\u0107 nowe sposoby radzenia sobie z trudnymi sytuacjami. Tematy mog\u0105 dotyczy\u0107 m.in. k\u0142\u00f3tni, zdrady, oddalenia emocjonalnego, r\u00f3\u017cnic w wychowaniu dzieci czy problem\u00f3w intymnych, itd.<\/small><\/p>\n\n\n\n<p><small>Terapia pary nie polega na szukaniu \u201ewinnego\u201d, ale na wsp\u00f3lnym odkrywaniu, co ka\u017cdy z partner\u00f3w wnosi do relacji i jak mo\u017cna to zmieni\u0107, aby poprawi\u0107 jako\u015b\u0107 \u017cycia razem. Proces ten mo\u017ce prowadzi\u0107 do odbudowy wi\u0119zi, ale w niekt\u00f3rych przypadkach pomaga te\u017c podj\u0105\u0107 decyzj\u0119 o rozstaniu w spos\u00f3b dojrza\u0142y i spokojny.<\/small><\/p>\n\n\n\n<p><small>Sesje zazwyczaj odbywaj\u0105 si\u0119 raz w tygodniu lub raz na 2 tygodnie &#8211; w zale\u017cno\u015bci od skali problem\u00f3w w parze. Je\u015bli sytuacja jest powa\u017cniejsza, sugerowana jest intensywniejsza terapia. Sesja trwaj\u0105 50-55 minut.<\/small><\/p>\n","protected":false},"excerpt":{"rendered":"<p>Indywidualna psychoterapia psychodynamiczna Psychoterapia psychodynamiczna to forma leczenia psychologicznego, kt\u00f3ra pomaga zrozumie\u0107 ukryte przyczyny problem\u00f3w emocjonalnych i trudno\u015bci w relacjach. Opiera si\u0119 na za\u0142o\u017ceniu, \u017ce nasze obecne zachowania i emocje mog\u0105 wynika\u0107 r\u00f3wnie\u017c z nieu\u015bwiadomionych do\u015bwiadcze\u0144 z przesz\u0142o\u015bci, zw\u0142aszcza z dzieci\u0144stwa. Celem terapii jest zwi\u0119kszenie samo\u015bwiadomo\u015bci \u2013 zrozumienie swoich uczu\u0107, my\u015bli i mechanizm\u00f3w obronnych. Dzi\u0119ki [&hellip;]<\/p>\n","protected":false},"author":1,"featured_media":0,"parent":0,"menu_order":3,"comment_status":"closed","ping_status":"closed","template":"","meta":[],"_links":{"self":[{"href":"https:\/\/terapiahuta.pl\/blog\/index.php?rest_route=\/wp\/v2\/pages\/14"}],"collection":[{"href":"https:\/\/terapiahuta.pl\/blog\/index.php?rest_route=\/wp\/v2\/pages"}],"about":[{"href":"https:\/\/terapiahuta.pl\/blog\/index.php?rest_route=\/wp\/v2\/types\/page"}],"author":[{"embeddable":true,"href":"https:\/\/terapiahuta.pl\/blog\/index.php?rest_route=\/wp\/v2\/users\/1"}],"replies":[{"embeddable":true,"href":"https:\/\/terapiahuta.pl\/blog\/index.php?rest_route=%2Fwp%2Fv2%2Fcomments&post=14"}],"version-history":[{"count":5,"href":"https:\/\/terapiahuta.pl\/blog\/index.php?rest_route=\/wp\/v2\/pages\/14\/revisions"}],"predecessor-version":[{"id":82,"href":"https:\/\/terapiahuta.pl\/blog\/index.php?rest_route=\/wp\/v2\/pages\/14\/revisions\/82"}],"wp:attachment":[{"href":"https:\/\/terapiahuta.pl\/blog\/index.php?rest_route=%2Fwp%2Fv2%2Fmedia&parent=14"}],"curies":[{"name":"wp","href":"https:\/\/api.w.org\/{rel}","templated":true}]}}