{"id":2,"date":"2025-05-18T19:19:24","date_gmt":"2025-05-18T19:19:24","guid":{"rendered":"http:\/\/terapiahuta.pl\/blog\/?page_id=2"},"modified":"2025-06-25T11:29:53","modified_gmt":"2025-06-25T11:29:53","slug":"sample-page","status":"publish","type":"page","link":"https:\/\/terapiahuta.pl\/blog\/?page_id=2","title":{"rendered":"Strona G\u0142\u00f3wna"},"content":{"rendered":"<p><meta name=\"google-site-verification\" content=\"p8--rw-MPyaLQm6B3puSYAnNg_MdEoF4njfubNxFY-8\"><\/p>\n\n\n<p><small><strong>Witam na stronie mojego Gabinetu Psychoterapeutycznego !<\/strong><\/small><\/p>\n\n\n\n<p><small>Nazywam si\u0119 Karolina P\u00f3\u0142rola \u2013 Mi\u0119tka. Jestem psychologiem z 15-letnim do\u015bwiadczeniem w pracy w zawodzie oraz psychoterapeutk\u0105 indywidualn\u0105 oraz par. Identyfikuj\u0119 si\u0119 z podej\u015bciem psychodynamicznym, korzystam z psychoanalitycznego my\u015blenia na temat rozwoju cz\u0142owieka. Stosuj\u0119 tak\u017ce podej\u015bcie systemowe do rozumienia proces\u00f3w, kt\u00f3re wydarzaj\u0105 si\u0119 w terapii pary.<\/small><\/p>\n\n\n\n<p><small><strong>Zapraszam osoby, kt\u00f3re odczuwaj\u0105 potrzeb\u0119:<\/strong><\/small><\/p>\n\n\n\n<ul>\n<li><small>zmierzenia si\u0119 z zaburzeniami, kt\u00f3re utrudniaj\u0105 im funkcjonowanie,<\/small><\/li>\n\n\n\n<li><small>dokonania poprawy w relacji ma\u0142\u017ce\u0144skiej lub partnerskiej,<\/small><\/li>\n\n\n\n<li><small>wyj\u015bcia z kryzysu,<\/small><\/li>\n\n\n\n<li><small>dokonania zmian w swoim \u017cyciu,<\/small><\/li>\n\n\n\n<li><small>poszukuj\u0105ce siebie, spragnione g\u0142\u0119bszego poznania siebie,<\/small><\/li>\n\n\n\n<li><small>pragn\u0105ce zrozumienia relacji, jakie tworz\u0105 z innymi lud\u017ami.<\/small><\/li>\n<\/ul>\n\n\n\n<p><small>Kwestie dotycz\u0105ce ludzkiej natury i emocjonalno\u015bci interesowa\u0142y mnie od zawsze. Z tego powodu wybra\u0142am swoj\u0105 \u015bcie\u017ck\u0119 zawodow\u0105. Za cel stawiam sobie zrozumienie drugiego cz\u0142owieka, pomoc w rozwi\u0105zywaniu problem\u00f3w natury emocjonalnej. Towarzysz\u0119 w przezwyci\u0119\u017caniu trudno\u015bci \u017cyciowych oraz w drodze do wewn\u0119trznej zmiany.<\/small><\/p>\n\n\n\n<p><small>M\u00f3j gabinet mie\u015bci si\u0119 w Krakowie, w Nowej Hucie.<\/small><\/p>\n\n\n\n<p><small><strong>Zapraszam !<\/strong><\/small><\/p>\n\n\n\n<p><small>Nowa droga czeka na Ciebie!<\/small><\/p>\n\n\n\n<figure class=\"wp-block-image size-large\"><img decoding=\"async\" loading=\"lazy\" width=\"1024\" height=\"768\" src=\"https:\/\/terapiahuta.pl\/blog\/wp-content\/uploads\/2025\/05\/494363272_1418451345844037_5722181971546812895_n-1024x768.jpg\" alt=\"\" class=\"wp-image-9\" srcset=\"https:\/\/terapiahuta.pl\/blog\/wp-content\/uploads\/2025\/05\/494363272_1418451345844037_5722181971546812895_n-1024x768.jpg 1024w, https:\/\/terapiahuta.pl\/blog\/wp-content\/uploads\/2025\/05\/494363272_1418451345844037_5722181971546812895_n-300x225.jpg 300w, https:\/\/terapiahuta.pl\/blog\/wp-content\/uploads\/2025\/05\/494363272_1418451345844037_5722181971546812895_n-768x576.jpg 768w, https:\/\/terapiahuta.pl\/blog\/wp-content\/uploads\/2025\/05\/494363272_1418451345844037_5722181971546812895_n-1536x1152.jpg 1536w, https:\/\/terapiahuta.pl\/blog\/wp-content\/uploads\/2025\/05\/494363272_1418451345844037_5722181971546812895_n.jpg 2000w\" sizes=\"(max-width: 1024px) 100vw, 1024px\" \/><\/figure>\n\n\n\n<p><small><strong>\nTagi<\/strong>\n#psychoterapia #psychoterapiaindywidualna #psychoterapeuta #psychoterapeutka #psycholog #terapia #terapiapar #terapiama\u0142\u017ce\u0144stw #psychoterapiapsychodynamiczna #terapiapsychodynamiczna \n<\/small><\/p>\n","protected":false},"excerpt":{"rendered":"<p>Witam na stronie mojego Gabinetu Psychoterapeutycznego ! Nazywam si\u0119 Karolina P\u00f3\u0142rola \u2013 Mi\u0119tka. Jestem psychologiem z 15-letnim do\u015bwiadczeniem w pracy w zawodzie oraz psychoterapeutk\u0105 indywidualn\u0105 oraz par. Identyfikuj\u0119 si\u0119 z podej\u015bciem psychodynamicznym, korzystam z psychoanalitycznego my\u015blenia na temat rozwoju cz\u0142owieka. Stosuj\u0119 tak\u017ce podej\u015bcie systemowe do rozumienia proces\u00f3w, kt\u00f3re wydarzaj\u0105 si\u0119 w terapii pary. Zapraszam osoby, [&hellip;]<\/p>\n","protected":false},"author":1,"featured_media":0,"parent":0,"menu_order":1,"comment_status":"closed","ping_status":"closed","template":"","meta":[],"_links":{"self":[{"href":"https:\/\/terapiahuta.pl\/blog\/index.php?rest_route=\/wp\/v2\/pages\/2"}],"collection":[{"href":"https:\/\/terapiahuta.pl\/blog\/index.php?rest_route=\/wp\/v2\/pages"}],"about":[{"href":"https:\/\/terapiahuta.pl\/blog\/index.php?rest_route=\/wp\/v2\/types\/page"}],"author":[{"embeddable":true,"href":"https:\/\/terapiahuta.pl\/blog\/index.php?rest_route=\/wp\/v2\/users\/1"}],"replies":[{"embeddable":true,"href":"https:\/\/terapiahuta.pl\/blog\/index.php?rest_route=%2Fwp%2Fv2%2Fcomments&post=2"}],"version-history":[{"count":12,"href":"https:\/\/terapiahuta.pl\/blog\/index.php?rest_route=\/wp\/v2\/pages\/2\/revisions"}],"predecessor-version":[{"id":114,"href":"https:\/\/terapiahuta.pl\/blog\/index.php?rest_route=\/wp\/v2\/pages\/2\/revisions\/114"}],"wp:attachment":[{"href":"https:\/\/terapiahuta.pl\/blog\/index.php?rest_route=%2Fwp%2Fv2%2Fmedia&parent=2"}],"curies":[{"name":"wp","href":"https:\/\/api.w.org\/{rel}","templated":true}]}}