{"id":24,"date":"2025-05-18T20:28:40","date_gmt":"2025-05-18T20:28:40","guid":{"rendered":"https:\/\/terapiahuta.pl\/blog\/?page_id=24"},"modified":"2025-09-14T20:25:07","modified_gmt":"2025-09-14T20:25:07","slug":"kontakt","status":"publish","type":"page","link":"https:\/\/terapiahuta.pl\/blog\/?page_id=24","title":{"rendered":"Kontakt"},"content":{"rendered":"\n<p><strong>Gabinet Psychoterapii Karolina P\u00f3\u0142rola-Mi\u0119tka<\/strong><\/p>\n\n\n\n<p><p>Wizyty odbywaj\u0105 si\u0119 pod adresem Os. Zgody 4\/15A, 31-949 Krak\u00f3w (Nowa Huta)<\/p>\n<p>Gabinet mie\u015bci si\u0119 w Przestrzeni Psychoterapeutycznej &#8222;Poddasze Zgody&#8221; <\/p>\n<p>Lokal znajduje si\u0119 w bloku na 5. pi\u0119trze<\/p><\/p>\n\n\n\n<p>Tel. 570940615<\/p>\n\n\n\n<p>Adres e-mail terapiahuta@gmail.com<\/p>\n\n\n\n<p><strong>Zapraszam do kontaktu!<\/strong><\/p>\n\n\n\n<p><iframe src=\"https:\/\/www.google.com\/maps\/embed?pb=!1m18!1m12!1m3!1d2433.8671529933404!2d20.03197597638039!3d50.07577127152297!2m3!1f0!2f0!3f0!3m2!1i1024!2i768!4f13.1!3m3!1m2!1s0x471645169ab7c39f%3A0x60c3347c9c59c1d6!2sOsiedle%20Zgody%204%2F15A%2C%2031-949%20Krak%C3%B3w!5e1!3m2!1spl!2spl!4v1757881197017!5m2!1spl!2spl\" width=\"600\" height=\"450\" style=\"border:0;\" allowfullscreen=\"\" loading=\"lazy\" referrerpolicy=\"no-referrer-when-downgrade\"><\/iframe><\/p>\n","protected":false},"excerpt":{"rendered":"<p>Gabinet Psychoterapii Karolina P\u00f3\u0142rola-Mi\u0119tka Wizyty odbywaj\u0105 si\u0119 pod adresem Os. Zgody 4\/15A, 31-949 Krak\u00f3w (Nowa Huta) Gabinet mie\u015bci si\u0119 w Przestrzeni Psychoterapeutycznej &#8222;Poddasze Zgody&#8221; Lokal znajduje si\u0119 w bloku na 5. pi\u0119trze Tel. 570940615 Adres e-mail terapiahuta@gmail.com Zapraszam do kontaktu!<\/p>\n","protected":false},"author":1,"featured_media":0,"parent":0,"menu_order":5,"comment_status":"closed","ping_status":"closed","template":"","meta":[],"_links":{"self":[{"href":"https:\/\/terapiahuta.pl\/blog\/index.php?rest_route=\/wp\/v2\/pages\/24"}],"collection":[{"href":"https:\/\/terapiahuta.pl\/blog\/index.php?rest_route=\/wp\/v2\/pages"}],"about":[{"href":"https:\/\/terapiahuta.pl\/blog\/index.php?rest_route=\/wp\/v2\/types\/page"}],"author":[{"embeddable":true,"href":"https:\/\/terapiahuta.pl\/blog\/index.php?rest_route=\/wp\/v2\/users\/1"}],"replies":[{"embeddable":true,"href":"https:\/\/terapiahuta.pl\/blog\/index.php?rest_route=%2Fwp%2Fv2%2Fcomments&post=24"}],"version-history":[{"count":10,"href":"https:\/\/terapiahuta.pl\/blog\/index.php?rest_route=\/wp\/v2\/pages\/24\/revisions"}],"predecessor-version":[{"id":131,"href":"https:\/\/terapiahuta.pl\/blog\/index.php?rest_route=\/wp\/v2\/pages\/24\/revisions\/131"}],"wp:attachment":[{"href":"https:\/\/terapiahuta.pl\/blog\/index.php?rest_route=%2Fwp%2Fv2%2Fmedia&parent=24"}],"curies":[{"name":"wp","href":"https:\/\/api.w.org\/{rel}","templated":true}]}}